{"id":476,"date":"2018-12-17T16:19:54","date_gmt":"2018-12-17T15:19:54","guid":{"rendered":"http:\/\/pariis.cilss.int\/?page_id=476"},"modified":"2018-12-17T16:29:06","modified_gmt":"2018-12-17T15:29:06","slug":"le-sous-projet-sofitex","status":"publish","type":"page","link":"https:\/\/pariis.cilss.int\/?page_id=476","title":{"rendered":"Le sous projet SOFITEX"},"content":{"rendered":"<p style=\"text-align: justify;\">Dans le cadre du Projet d\u2019appui r\u00e9gional \u00e0 l\u2019initiative pour l\u2019irrigation au Sahel (PARIIS) lanc\u00e9 en novembre 2018 et financ\u00e9 par la banque mondiale (170 millions de dollars), le Burkina Faso a b\u00e9n\u00e9fici\u00e9 sp\u00e9cifiquement d\u2019un appui pour mettre en \u0153uvre, une approche innovante de coton irrigu\u00e9.<\/p>\n<p style=\"text-align: justify;\">Mis en \u0153uvre par la Soci\u00e9t\u00e9 burkinab\u00e9 des fibres textiles (Sofitex), la plus grande entreprise de transformation du coton du pays, le Projet b\u00e9n\u00e9ficiera d&rsquo;un cofinancement du Partenariat mondial pour l&rsquo;aide bas\u00e9e sur les r\u00e9sultats (GPOBA) en soutien \u00e0 la composante B, qui financera des solutions d&rsquo;investissement dans l\u2019irrigation.<\/p>\n<p style=\"text-align: justify;\">Le sous-projet cible les petits agriculteurs de l&rsquo;industrie cotonni\u00e8re qui cultivent \u00e9galement des plantes vivri\u00e8res. Le coton est la deuxi\u00e8me plus importante source de revenus \u00e0 l&rsquo;exportation du pays apr\u00e8s l&rsquo;or et est principalement cultiv\u00e9 par des petits agriculteurs selon un mod\u00e8le d&rsquo;enl\u00e8vement par de grandes entreprises de transformation. La Sofitex dispose d&rsquo;une cha\u00eene d&rsquo;approvisionnement compos\u00e9e d\u2019environ 160\u00a0000 petits agriculteurs regroup\u00e9s en environ 7 000 coop\u00e9ratives villageoises appel\u00e9es\u00a0 groupements de producteurs de coton (GPC).<\/p>\n<p style=\"text-align: justify;\">La Sofitex est une cliente de la SFI dot\u00e9e d&rsquo;une facilit\u00e9 de capital d&rsquo;exploitation de la part de la SFI. L&rsquo;intervention sera soutenue conjointement par la Banque Mondiale (\u00e0 travers un don GPOBA de 5,85 millions USD) et par la SFI qui fournira un appui technique pour la formation des agriculteurs et des investissements dans la gestion de l&rsquo;eau et l&rsquo;irrigation.<\/p>\n<p style=\"text-align: justify;\">Les agriculteurs, par l&rsquo;interm\u00e9diaire des <em>Groupements de Producteurs de Coton<\/em> (GPC), contractent des pr\u00eats aupr\u00e8s des banques commerciales locales pour financer l&rsquo;achat d&rsquo;intrants au d\u00e9but de la saison de croissance (semences, engrais, pesticides). Apr\u00e8s la r\u00e9colte, la Sofitex rassemble la production des GPC, traite et conditionne le coton pour la vente sur le march\u00e9 international. \u00c0 partir de ses recettes, la SOFITEX rembourse directement aux banques les pr\u00eats pour le compte des agriculteurs et paie ensuite le produit net aux agriculteurs par l&rsquo;interm\u00e9diaire des GPC. La plupart des agriculteurs d\u00e9pendent de la vente du coton pour leurs revenus en esp\u00e8ces. Les cultures en rotation telles que le ma\u00efs, les haricots, l\u2019arachide et le s\u00e9same fournissent des aliments et\/ou des revenus suppl\u00e9mentaires, en fonction des besoins des agriculteurs<\/p>\n<p style=\"text-align: justify;\">Les interventions du nouveau projet appuieront les agriculteurs dans trois domaines :<\/p>\n<p style=\"text-align: justify;\">Formation des agriculteurs \u00e0 la construction d&rsquo;une infrastructure de gestion de l&rsquo;eau \u00e0 petite \u00e9chelle pour la r\u00e9cup\u00e9ration des eaux de pluie, \u00e0 l&rsquo;utilisation, l&rsquo;exploitation et l&rsquo;entretien des \u00e9quipements d&rsquo;irrigation destin\u00e9s \u00e0 fournir un \u00e9quipement d\u2019irrigation suppl\u00e9mentaire pendant la phase critique de croissance du coton et aux bonnes pratiques agricoles de gestion des sols et des eaux ;<\/p>\n<p style=\"text-align: justify;\">Subventions partielles en soutien aux investissements dans la r\u00e9duction de l&rsquo;\u00e9rosion par l&rsquo;installation de lev\u00e9es en pierre et de conduites de collecte d&rsquo;eau destin\u00e9es \u00e0 retenir dans les sols l&rsquo;eau de pluie (ainsi que les engrais, mati\u00e8res organiques, etc.) ; de petits r\u00e9servoirs destin\u00e9s \u00e0 recueillir l&rsquo;eau de pluie pour un usage ult\u00e9rieur et (c)\u00a0divers \u00e9quipements d&rsquo;irrigation\u00a0;<\/p>\n<p style=\"text-align: justify;\">Facilitation de l&rsquo;acc\u00e8s des agriculteurs au financement de leur part de ces investissements.<\/p>\n<p style=\"text-align: justify;\">Le financement du GPOBA prendra la forme d&rsquo;une subvention &#8211; aide bas\u00e9e sur les r\u00e9sultats, subvention ponctuelle des co\u00fbts d&rsquo;investissement, payable apr\u00e8s v\u00e9rification ind\u00e9pendante au niveau des exploitations agricoles des produits li\u00e9s \u00e0 l&rsquo;installation et au fonctionnement de l&rsquo;\u00e9quipement. La subvention sera fix\u00e9e au niveau requis pour combler l&rsquo;\u00e9cart entre le co\u00fbt d&rsquo;investissement et la capacit\u00e9 de paiement des agriculteurs, qui devrait varier entre 50 et 80 % du co\u00fbt d&rsquo;investissement en capital. Le sous-projet concernera environ 1 000 agriculteurs (3 000 ha).<\/p>\n<p><a href=\"https:\/\/pariis.cilss.int\/wp-content\/uploads\/2018\/12\/PROJET_SOFITEX_PAICC_PARIIS_Burikna.pdf\" target=\"_blank\" rel=\"noopener\">PROJET SOFITEX PAICC PARIIS Burikna<\/a><\/p>\n","protected":false},"excerpt":{"rendered":"<p>Dans le cadre du Projet d\u2019appui r\u00e9gional \u00e0 l\u2019initiative pour l\u2019irrigation au Sahel (PARIIS) lanc\u00e9 en novembre 2018 et financ\u00e9 par la banque mondiale (170 millions de dollars), le Burkina Faso a b\u00e9n\u00e9fici\u00e9 sp\u00e9cifiquement d\u2019un appui pour mettre en \u0153uvre, une approche innovante de coton irrigu\u00e9. Mis en \u0153uvre par la Soci\u00e9t\u00e9 burkinab\u00e9 des fibres [&hellip;]<\/p>\n","protected":false},"author":3,"featured_media":0,"parent":0,"menu_order":0,"comment_status":"closed","ping_status":"closed","template":"","meta":{"footnotes":""},"_links":{"self":[{"href":"https:\/\/pariis.cilss.int\/index.php?rest_route=\/wp\/v2\/pages\/476"}],"collection":[{"href":"https:\/\/pariis.cilss.int\/index.php?rest_route=\/wp\/v2\/pages"}],"about":[{"href":"https:\/\/pariis.cilss.int\/index.php?rest_route=\/wp\/v2\/types\/page"}],"author":[{"embeddable":true,"href":"https:\/\/pariis.cilss.int\/index.php?rest_route=\/wp\/v2\/users\/3"}],"replies":[{"embeddable":true,"href":"https:\/\/pariis.cilss.int\/index.php?rest_route=%2Fwp%2Fv2%2Fcomments&post=476"}],"version-history":[{"count":3,"href":"https:\/\/pariis.cilss.int\/index.php?rest_route=\/wp\/v2\/pages\/476\/revisions"}],"predecessor-version":[{"id":481,"href":"https:\/\/pariis.cilss.int\/index.php?rest_route=\/wp\/v2\/pages\/476\/revisions\/481"}],"wp:attachment":[{"href":"https:\/\/pariis.cilss.int\/index.php?rest_route=%2Fwp%2Fv2%2Fmedia&parent=476"}],"curies":[{"name":"wp","href":"https:\/\/api.w.org\/{rel}","templated":true}]}}