{"id":32,"date":"2018-06-02T00:25:25","date_gmt":"2018-06-01T22:25:25","guid":{"rendered":"http:\/\/pariis.cilss.int\/?page_id=32"},"modified":"2021-03-23T13:43:55","modified_gmt":"2021-03-23T12:43:55","slug":"burkina-faso","status":"publish","type":"page","link":"https:\/\/pariis.cilss.int\/?page_id=32","title":{"rendered":"PARIIS Burkina Faso"},"content":{"rendered":"<p><b>Le pays en bref<\/b><\/p>\n<p style=\"text-align: justify;\">Le Burkina Faso est un pays enclav\u00e9 d\u2019Afrique subsaharienne, \u00e0 faible revenu et aux ressources naturelles limit\u00e9es. La population, qui cro\u00eet au rythme annuel moyen de 3,1 %, \u00e9tait estim\u00e9e \u00e0 pr\u00e8s de 18,6 millions en 2016. L\u2019\u00e9conomie est fortement domin\u00e9e par l\u2019agriculture qui emploie pr\u00e8s de 80 % de la population active. Le coton est la culture de rente la plus importante, m\u00eame si les exportations aurif\u00e8res ont pris de l\u2019importance ces derni\u00e8res ann\u00e9es.<\/p>\n<p><strong>Site web PARIIS Burkina Faso<\/strong>: <a href=\"http:\/\/pariisburkina.org\" target=\"_blank\" rel=\"noopener\">http:\/\/pariisburkina.org<\/a><\/p>\n","protected":false},"excerpt":{"rendered":"<p>Le pays en bref Le Burkina Faso est un pays enclav\u00e9 d\u2019Afrique subsaharienne, \u00e0 faible revenu et aux ressources naturelles limit\u00e9es. La population, qui cro\u00eet au rythme annuel moyen de 3,1 %, \u00e9tait estim\u00e9e \u00e0 pr\u00e8s de 18,6 millions en 2016. L\u2019\u00e9conomie est fortement domin\u00e9e par l\u2019agriculture qui emploie pr\u00e8s de 80 % de la [&hellip;]<\/p>\n","protected":false},"author":3,"featured_media":0,"parent":0,"menu_order":0,"comment_status":"closed","ping_status":"closed","template":"page-burkinafaso.php","meta":{"footnotes":""},"_links":{"self":[{"href":"https:\/\/pariis.cilss.int\/index.php?rest_route=\/wp\/v2\/pages\/32"}],"collection":[{"href":"https:\/\/pariis.cilss.int\/index.php?rest_route=\/wp\/v2\/pages"}],"about":[{"href":"https:\/\/pariis.cilss.int\/index.php?rest_route=\/wp\/v2\/types\/page"}],"author":[{"embeddable":true,"href":"https:\/\/pariis.cilss.int\/index.php?rest_route=\/wp\/v2\/users\/3"}],"replies":[{"embeddable":true,"href":"https:\/\/pariis.cilss.int\/index.php?rest_route=%2Fwp%2Fv2%2Fcomments&post=32"}],"version-history":[{"count":7,"href":"https:\/\/pariis.cilss.int\/index.php?rest_route=\/wp\/v2\/pages\/32\/revisions"}],"predecessor-version":[{"id":1269,"href":"https:\/\/pariis.cilss.int\/index.php?rest_route=\/wp\/v2\/pages\/32\/revisions\/1269"}],"wp:attachment":[{"href":"https:\/\/pariis.cilss.int\/index.php?rest_route=%2Fwp%2Fv2%2Fmedia&parent=32"}],"curies":[{"name":"wp","href":"https:\/\/api.w.org\/{rel}","templated":true}]}}