{"id":3,"date":"2018-06-01T23:14:05","date_gmt":"2018-06-01T21:14:05","guid":{"rendered":"http:\/\/pariis.cilss.int\/?page_id=3"},"modified":"2018-06-04T10:13:16","modified_gmt":"2018-06-04T08:13:16","slug":"presentation-du-projet-dappui-regional-a-linitiative-pour-lirrigation-au-sahel-pariis","status":"publish","type":"page","link":"https:\/\/pariis.cilss.int\/?page_id=3","title":{"rendered":"Pr\u00e9sentation du Projet d\u2019Appui R\u00e9gional \u00e0 l\u2019Initiative pour l\u2019Irrigation au Sahel (PARIIS)"},"content":{"rendered":"<p style=\"text-align: justify;\">Les six \u00c9tats du Sahel (Burkina Faso, Mali, Mauritanie, Niger, S\u00e9n\u00e9gal et Tchad), r\u00e9unis \u00e0 Dakar, le 31 Octobre 2013 lors de la Conf\u00e9rence de Haut Niveau sur l\u2019irrigation au Sahel, ont convenu, dans une d\u00e9claration commune qualifi\u00e9e de \u00ab\u00a0<em>D\u00e9claration de Dakar<\/em>\u00a0\u00bb, de combiner leurs efforts pour accro\u00eetre le rythme et la qualit\u00e9 des investissements dans l\u2019agriculture irrigu\u00e9e, sur la base d\u2019une approche participative et syst\u00e9mique de r\u00e9solution des probl\u00e8mes et de d\u00e9veloppement de solutions adapt\u00e9es.<\/p>\n<p style=\"text-align: justify;\">Suite \u00e0 cette conf\u00e9rence, les six pays ont mis en place avec leurs partenaires techniques et financiers et les acteurs de l\u2019agriculture irrigu\u00e9e, une \u00ab\u00a0Task Force\u00a0\u00bb pilot\u00e9e par le Comit\u00e9 Permanent Inter-Etats de Lutte contre la S\u00e9cheresse au Sahel (CILSS) et charg\u00e9e d\u2019instruire un programme r\u00e9gional visant \u00e0 appuyer les six \u00c9tats dans la r\u00e9alisation des objectifs quantitatifs et qualitatifs fix\u00e9s par la \u00ab\u00a0D\u00e9claration de Dakar\u00a0\u00bb\u00a0:\u00a0<strong><em>l\u2019Initiative pour l\u2019Irrigation au Sahel (2is)<\/em><\/strong>coordonn\u00e9e par le CILSS, soutenue par les communaut\u00e9s \u00e9conomiques r\u00e9gionales (CEDEAO et UEMOA) et appuy\u00e9e par la Banque mondiale.<\/p>\n<p style=\"text-align: justify;\">Le programme en question est d\u00e9taill\u00e9 dans le document de\u00a0<strong><em>Cadre Strat\u00e9gique pour l\u2019Eau Agricole au Sahel (CSEAS)<\/em><\/strong>\u00a0et son corollaire, le Plan d\u2019Action R\u00e9gional.<\/p>\n<p style=\"text-align: justify;\">La Banque Mondiale a octroy\u00e9 un financement \u00e0 un projet r\u00e9gional port\u00e9 par le CILSS et les six pays. Ce projet r\u00e9gional intitul\u00e9 \u00ab\u00a0<strong><em>Projet d\u2019Appui R\u00e9gional \u00e0 l\u2019Initiative pour l\u2019Irrigation au Sahel<\/em><\/strong>\u00a0\u00bb (PARIIS, \u00e9galement connu sous l\u2019acronyme SIIP en anglais) b\u00e9n\u00e9ficie d\u2019un financement de l\u2019IDA (\u00ab\u00a0<em>International Development Association<\/em>\u00a0\u00bb) \u00e0 hauteur de 170 millions de dollars US.<\/p>\n<p style=\"text-align: justify;\">Le PARIIS\/SIIP a \u00e9t\u00e9 pr\u00e9par\u00e9 par le CILSS et les six pays participants, avec l\u2019assistance technique de la Banque Mondiale et de la FAO, pour une dur\u00e9e de six ans. Il vise \u00e0 pr\u00e9parer les acteurs pour atteindre les objectifs qualitatifs et quantitatifs de la \u00ab\u00a0<em>D\u00e9claration de Dakar<\/em>\u00a0\u00bb qui invite les parties prenantes \u00e0 accroitre dans les six pays,\u00a0 les investissements dans l\u2019irrigation, en vue d\u2019atteindre 1 000 000 d\u2019ha irrigu\u00e9s au Sahel \u00e0 l\u2019horizon 2020.<\/p>\n","protected":false},"excerpt":{"rendered":"<p>Les six \u00c9tats du Sahel (Burkina Faso, Mali, Mauritanie, Niger, S\u00e9n\u00e9gal et Tchad), r\u00e9unis \u00e0 Dakar, le 31 Octobre 2013 lors de la Conf\u00e9rence de Haut Niveau sur l\u2019irrigation au Sahel, ont convenu, dans une d\u00e9claration commune qualifi\u00e9e de \u00ab\u00a0D\u00e9claration de Dakar\u00a0\u00bb, de combiner leurs efforts pour accro\u00eetre le rythme et la qualit\u00e9 des investissements [&hellip;]<\/p>\n","protected":false},"author":3,"featured_media":0,"parent":0,"menu_order":0,"comment_status":"closed","ping_status":"open","template":"","meta":{"footnotes":""},"_links":{"self":[{"href":"https:\/\/pariis.cilss.int\/index.php?rest_route=\/wp\/v2\/pages\/3"}],"collection":[{"href":"https:\/\/pariis.cilss.int\/index.php?rest_route=\/wp\/v2\/pages"}],"about":[{"href":"https:\/\/pariis.cilss.int\/index.php?rest_route=\/wp\/v2\/types\/page"}],"author":[{"embeddable":true,"href":"https:\/\/pariis.cilss.int\/index.php?rest_route=\/wp\/v2\/users\/3"}],"replies":[{"embeddable":true,"href":"https:\/\/pariis.cilss.int\/index.php?rest_route=%2Fwp%2Fv2%2Fcomments&post=3"}],"version-history":[{"count":3,"href":"https:\/\/pariis.cilss.int\/index.php?rest_route=\/wp\/v2\/pages\/3\/revisions"}],"predecessor-version":[{"id":72,"href":"https:\/\/pariis.cilss.int\/index.php?rest_route=\/wp\/v2\/pages\/3\/revisions\/72"}],"wp:attachment":[{"href":"https:\/\/pariis.cilss.int\/index.php?rest_route=%2Fwp%2Fv2%2Fmedia&parent=3"}],"curies":[{"name":"wp","href":"https:\/\/api.w.org\/{rel}","templated":true}]}}