{"id":20,"date":"2018-06-02T00:21:18","date_gmt":"2018-06-01T22:21:18","guid":{"rendered":"http:\/\/pariis.cilss.int\/?page_id=20"},"modified":"2018-07-08T21:03:19","modified_gmt":"2018-07-08T19:03:19","slug":"partenaires-techniques-et-financiers","status":"publish","type":"page","link":"https:\/\/pariis.cilss.int\/?page_id=20","title":{"rendered":"Partenaires techniques et financiers"},"content":{"rendered":"<p>[vc_row][vc_column][vc_column_text]<\/p>\n<ul style=\"list-style-type: square;\">\n<li>Groupe de la Banque Mondiale<\/li>\n<li>Communaut\u00e9 Economique Des Etats de l\u2019Afrique de l\u2019Ouest (CEDEAO)<\/li>\n<li>Union Economique et Mon\u00e9taire Ouest Africaine (UEMOA)<\/li>\n<li>Groupe de la Banque Africaine de D\u00e9veloppement (BAD)<\/li>\n<li>Agence Fran\u00e7aise de D\u00e9veloppement (AFD)<\/li>\n<li>Agence Japonaise de Coop\u00e9ration Internationale (JICA)<\/li>\n<li>Agence espagnole de coop\u00e9ration internationale pour le d\u00e9veloppement (AECID)<\/li>\n<li>R\u00e9seau des Organisations Paysannes et des Producteurs Agricoles de l\u2019Afrique de l\u2019Ouest (ROPPA)<\/li>\n<li>Organisation des Nations Unies pour l\u2019Agriculture et l\u2019Alimentation (FAO)<\/li>\n<li>International Water management Institut (IWMI)<\/li>\n<li>Comit\u00e9 Scientifique et Technique Eau Agricole (COSTEA)<\/li>\n<li>Global Water Initiative (GWI)<\/li>\n<li>Conseil Ouest et Centre Africain pour la Recherche et le D\u00e9veloppement Agricoles (CORAF)<\/li>\n<li>Association r\u00e9gionale pour l\u2019Irrigation et le Drainage (ARID)<\/li>\n<li>AfricaRice<\/li>\n<li>Institut International d\u2019Ing\u00e9nierie de l\u2019Eau et de l\u2019Environnement (2iE)<\/li>\n<li>PRACTICA Foundation<\/li>\n<li>SOS Sahel<\/li>\n<li>International Development Enterprise (IDE)<\/li>\n<\/ul>\n<p>[\/vc_column_text][\/vc_column][\/vc_row]<\/p>\n","protected":false},"excerpt":{"rendered":"<p>[vc_row][vc_column][vc_column_text] Groupe de la Banque Mondiale Communaut\u00e9 Economique Des Etats de l\u2019Afrique de l\u2019Ouest (CEDEAO) Union Economique et Mon\u00e9taire Ouest Africaine (UEMOA) Groupe de la Banque Africaine de D\u00e9veloppement (BAD) Agence Fran\u00e7aise de D\u00e9veloppement (AFD) Agence Japonaise de Coop\u00e9ration Internationale (JICA) Agence espagnole de coop\u00e9ration internationale pour le d\u00e9veloppement (AECID) R\u00e9seau des Organisations Paysannes et [&hellip;]<\/p>\n","protected":false},"author":3,"featured_media":0,"parent":0,"menu_order":0,"comment_status":"closed","ping_status":"closed","template":"","meta":{"footnotes":""},"_links":{"self":[{"href":"https:\/\/pariis.cilss.int\/index.php?rest_route=\/wp\/v2\/pages\/20"}],"collection":[{"href":"https:\/\/pariis.cilss.int\/index.php?rest_route=\/wp\/v2\/pages"}],"about":[{"href":"https:\/\/pariis.cilss.int\/index.php?rest_route=\/wp\/v2\/types\/page"}],"author":[{"embeddable":true,"href":"https:\/\/pariis.cilss.int\/index.php?rest_route=\/wp\/v2\/users\/3"}],"replies":[{"embeddable":true,"href":"https:\/\/pariis.cilss.int\/index.php?rest_route=%2Fwp%2Fv2%2Fcomments&post=20"}],"version-history":[{"count":5,"href":"https:\/\/pariis.cilss.int\/index.php?rest_route=\/wp\/v2\/pages\/20\/revisions"}],"predecessor-version":[{"id":248,"href":"https:\/\/pariis.cilss.int\/index.php?rest_route=\/wp\/v2\/pages\/20\/revisions\/248"}],"wp:attachment":[{"href":"https:\/\/pariis.cilss.int\/index.php?rest_route=%2Fwp%2Fv2%2Fmedia&parent=20"}],"curies":[{"name":"wp","href":"https:\/\/api.w.org\/{rel}","templated":true}]}}