{"id":16,"date":"2018-06-02T00:20:10","date_gmt":"2018-06-01T22:20:10","guid":{"rendered":"http:\/\/pariis.cilss.int\/?page_id=16"},"modified":"2018-06-05T19:17:55","modified_gmt":"2018-06-05T17:17:55","slug":"zones-dintervention","status":"publish","type":"page","link":"https:\/\/pariis.cilss.int\/?page_id=16","title":{"rendered":"Zones d\u2019intervention du Projet d\u2019Appui R\u00e9gional \u00e0 l\u2019Initiative pour l\u2019Irrigation au Sahel (PARIIS)"},"content":{"rendered":"<p style=\"text-align: justify;\">Dans les six pays, des zones d\u2019intervention du projet (ZIP) ont d\u00e9j\u00e0 \u00e9t\u00e9 identifi\u00e9es, selon un processus participatif valid\u00e9 par les parties prenantes nationales.<\/p>\n<ul style=\"text-align: justify;\">\n<li><strong>Burkina Faso\u00a0:<\/strong> R\u00e9gions de la Boucle du Mouhoun, du Nord, du Centre et du Centre-Ouest, ainsi que les provinces de Houet et du Tuy (partie du projet financ\u00e9 sur don et \u00e0 mettre en \u0153uvre par la Sofitex)<\/li>\n<li><strong>Mali\u00a0:<\/strong> R\u00e9gions de Koulikoro\u00a0(Cercles de Koulikoro et de Dio\u00efla), S\u00e9gou\u00a0(Cercles de S\u00e9gou et de Barou\u00e9li) et Zone Office du Niger<\/li>\n<li><strong>Mauritanie\u00a0:<\/strong> Rive droite de la Vall\u00e9e du fleuve S\u00e9n\u00e9gal<\/li>\n<li><strong>Niger\u00a0:<\/strong> R\u00e9gions administratives\u00a0d\u2019Agadez, de Tahoua, de Dosso et de Tillab\u00e9ry<\/li>\n<li><strong>S\u00e9n\u00e9gal\u00a0:<\/strong> Vall\u00e9e du fleuve S\u00e9n\u00e9gal, Casamance\u00a0(Kolda et S\u00e9dhiou) et Bassin arachidier<\/li>\n<li><strong>Tchad\u00a0:<\/strong> R\u00e9gions orientale\u00a0(Ouadda\u00ef, Wadi Fira et Sila), centrale\u00a0(Gu\u00e9ra et Salamat), occidentale\u00a0(Hadjer Lamis et Chari Baguirmi) et m\u00e9ridionale\u00a0(Mayo-Kebbi Est et Ouest, Tandjil\u00e9, Logone oriental et occidental)<\/li>\n<\/ul>\n<p style=\"text-align: justify;\"><strong>\u00a0<\/strong><\/p>\n<h3 style=\"text-align: justify;\"><strong>B\u00e9n\u00e9ficiaires<\/strong><\/h3>\n<p style=\"text-align: justify;\">Les b\u00e9n\u00e9ficiaires directs du projet seront des agriculteurs (hommes et femmes, jeunes inclus) qui b\u00e9n\u00e9ficieront des investissements financ\u00e9s dans le cadre du projet et de la capacit\u00e9 accrue des acteurs publics et priv\u00e9s \u00e0 fournir des services d&rsquo;irrigation am\u00e9lior\u00e9s. Les syst\u00e8mes d\u2019irrigation pr\u00e9vus b\u00e9n\u00e9ficieront directement \u00e0 58.000 \u00a0agriculteurs, provenant majoritairement de m\u00e9nages pauvres, avec un accent particulier sur la petite et la moyenne irrigation. Par ailleurs, le projet va g\u00e9n\u00e9rer de nombreux b\u00e9n\u00e9fices le long des cha\u00eenes de valeur r\u00e9sultant en de la cr\u00e9ation d\u2019emplois. Le nombre total de b\u00e9n\u00e9ficiaires directs est estim\u00e9 \u00e0 72.000 m\u00e9nages. Environ 35% des b\u00e9n\u00e9ficiaires directs des syst\u00e8mes irrigu\u00e9s seront des femmes. Les b\u00e9n\u00e9ficiaires indirects sont estim\u00e9s \u00e0 quelques 480.000 personnes au total. Les superficies am\u00e9nag\u00e9es ou revitalis\u00e9es sont projet\u00e9es \u00e0 23 000 hectares.<\/p>\n<p>&nbsp;<\/p>\n<h3 style=\"text-align: justify;\"><strong>Indicateurs <\/strong><\/h3>\n<p style=\"text-align: justify;\">Les indicateurs suivants seront utilis\u00e9s pour mesurer l\u2019avancement vers la r\u00e9alisation de l\u2019Objectif de d\u00e9veloppement du projet :<\/p>\n<ul style=\"text-align: justify;\">\n<li>B\u00e9n\u00e9ficiaires directs du projet dont % de femmes\u00a0: 58.600 producteurs\/productrices, dont 35% de femmes\u00a0;<\/li>\n<li>Superficies \u00e9quip\u00e9es b\u00e9n\u00e9ficiant de services d\u2019irrigation et de drainage nouveaux ou am\u00e9lior\u00e9s\u00a0: cible 23.225 ha ;<\/li>\n<li>Intensit\u00e9 culturale annuelle sur les zones \u00e9quip\u00e9es dans le cadre du projet\u00a0: cible 130%\u00a0;<\/li>\n<li>Acteurs form\u00e9es ayant utilis\u00e9 les connaissances acquises\u00a0: cible 40%\u00a0;<\/li>\n<li>Part du portefeuille d\u2019investissement des pays align\u00e9e sur l\u2019approche par les solutions\u00a0: Cible 40%.<\/li>\n<\/ul>\n<p>&nbsp;<\/p>\n<h3 style=\"text-align: justify;\"><strong>Approche global<\/strong><\/h3>\n<p style=\"text-align: justify;\">La mise en \u0153uvre du projet s\u2019appuie sur une vision partag\u00e9e entre six pays, pour d\u00e9velopper des solutions innovatrices\u00a0 d\u2019irrigation, afin d\u2019augmenter la production agricole et assurer la s\u00e9curit\u00e9 alimentaire dans la r\u00e9gion du Sahel.<\/p>\n<p style=\"text-align: justify;\">En adoptant une approche r\u00e9gionale, le projet permettra aux six pays de tirer pleinement parti des retomb\u00e9es potentielles d&rsquo;une strat\u00e9gie d&rsquo;extension partag\u00e9e de la mani\u00e8re la plus rentable. Le projet comporte des r\u00e9alisations nationales qui seront mises en \u0153uvre par les pays et des activit\u00e9s r\u00e9gionale de coordination, d\u2019appui et de gestion des connaissances conduites sous la responsabilit\u00e9 du CILSS qui a \u00e9t\u00e9 mandat\u00e9 par les pays.<\/p>\n<p style=\"text-align: justify;\">Le projet a \u00e9t\u00e9 approuv\u00e9 par le Conseil d\u2019Administration de la Banque mondiale, le 5 d\u00e9cembre 2017. Pour ce qui concerne le PARIIS-CILSS, un Don de 20 millions USD a \u00e9t\u00e9 allou\u00e9 au CILSS en tant qu\u2019agence de coordination r\u00e9gionale du PARIIS. Les pays ont tous re\u00e7u un financement de 25 millions USD (sous forme de Cr\u00e9dits et de Dons pour le Burkina Faso, le Mali et le Niger, sous forme de Cr\u00e9dit pour le S\u00e9n\u00e9gal et sous forme de Dons pour la Mauritanie et le Tchad). En outre, un Don issu du Fonds Fiduciaire Multi-Donateurs GPOBA de 5.85 millions USD a \u00e9galement \u00e9t\u00e9 allou\u00e9 au Burkina Faso.<\/p>\n","protected":false},"excerpt":{"rendered":"<p>Dans les six pays, des zones d\u2019intervention du projet (ZIP) ont d\u00e9j\u00e0 \u00e9t\u00e9 identifi\u00e9es, selon un processus participatif valid\u00e9 par les parties prenantes nationales. Burkina Faso\u00a0: R\u00e9gions de la Boucle du Mouhoun, du Nord, du Centre et du Centre-Ouest, ainsi que les provinces de Houet et du Tuy (partie du projet financ\u00e9 sur don et [&hellip;]<\/p>\n","protected":false},"author":3,"featured_media":0,"parent":0,"menu_order":0,"comment_status":"closed","ping_status":"closed","template":"","meta":{"footnotes":""},"_links":{"self":[{"href":"https:\/\/pariis.cilss.int\/index.php?rest_route=\/wp\/v2\/pages\/16"}],"collection":[{"href":"https:\/\/pariis.cilss.int\/index.php?rest_route=\/wp\/v2\/pages"}],"about":[{"href":"https:\/\/pariis.cilss.int\/index.php?rest_route=\/wp\/v2\/types\/page"}],"author":[{"embeddable":true,"href":"https:\/\/pariis.cilss.int\/index.php?rest_route=\/wp\/v2\/users\/3"}],"replies":[{"embeddable":true,"href":"https:\/\/pariis.cilss.int\/index.php?rest_route=%2Fwp%2Fv2%2Fcomments&post=16"}],"version-history":[{"count":7,"href":"https:\/\/pariis.cilss.int\/index.php?rest_route=\/wp\/v2\/pages\/16\/revisions"}],"predecessor-version":[{"id":172,"href":"https:\/\/pariis.cilss.int\/index.php?rest_route=\/wp\/v2\/pages\/16\/revisions\/172"}],"wp:attachment":[{"href":"https:\/\/pariis.cilss.int\/index.php?rest_route=%2Fwp%2Fv2%2Fmedia&parent=16"}],"curies":[{"name":"wp","href":"https:\/\/api.w.org\/{rel}","templated":true}]}}